{"id":110,"date":"2021-12-08T17:21:38","date_gmt":"2021-12-08T22:21:38","guid":{"rendered":"http:\/\/accentquebec.learnquebec.ca\/?page_id=110"},"modified":"2022-07-07T14:42:15","modified_gmt":"2022-07-07T18:42:15","slug":"home","status":"publish","type":"page","link":"https:\/\/accentquebec.com\/en\/","title":{"rendered":"Home"},"content":{"rendered":"\t\t<div data-elementor-type=\"wp-page\" data-elementor-id=\"110\" class=\"elementor elementor-110 elementor-15\" data-elementor-post-type=\"page\">\n\t\t\t\t\t\t<section class=\"elementor-section elementor-top-section elementor-element elementor-element-670024d elementor-section-boxed elementor-section-height-default elementor-section-height-default\" data-id=\"670024d\" data-element_type=\"section\" data-e-type=\"section\">\n\t\t\t\t\t\t<div class=\"elementor-container elementor-column-gap-default\">\n\t\t\t\t\t<div class=\"elementor-column elementor-col-100 elementor-top-column elementor-element elementor-element-dced323\" data-id=\"dced323\" data-element_type=\"column\" data-e-type=\"column\">\n\t\t\t<div class=\"elementor-widget-wrap elementor-element-populated\">\n\t\t\t\t\t\t<div class=\"elementor-element elementor-element-7b557f8 elementor-widget elementor-widget-text-editor\" data-id=\"7b557f8\" data-element_type=\"widget\" data-e-type=\"widget\" data-widget_type=\"text-editor.default\">\n\t\t\t\t<div class=\"elementor-widget-container\">\n\t\t\t\t\t\t\t\t\t<h2>Accent Qu\u00e9bec is a bilingual directory of recreational, cultural and educational resources to help French language learners in Qu\u00e9bec experience French opportunities in their communities.<\/h2>\t\t\t\t\t\t\t\t<\/div>\n\t\t\t\t<\/div>\n\t\t\t\t\t<\/div>\n\t\t<\/div>\n\t\t\t\t\t<\/div>\n\t\t<\/section>\n\t\t\t\t<section class=\"elementor-section elementor-top-section elementor-element elementor-element-0289770 elementor-section-boxed elementor-section-height-default elementor-section-height-default\" data-id=\"0289770\" data-element_type=\"section\" data-e-type=\"section\">\n\t\t\t\t\t\t<div class=\"elementor-container elementor-column-gap-default\">\n\t\t\t\t\t<div class=\"elementor-column elementor-col-100 elementor-top-column elementor-element elementor-element-ebc0009\" data-id=\"ebc0009\" data-element_type=\"column\" data-e-type=\"column\">\n\t\t\t<div class=\"elementor-widget-wrap elementor-element-populated\">\n\t\t\t\t\t\t<div class=\"elementor-element elementor-element-caa0b64 elementor-search-form--skin-classic elementor-search-form--button-type-icon elementor-search-form--icon-search elementor-widget elementor-widget-search-form\" data-id=\"caa0b64\" data-element_type=\"widget\" data-e-type=\"widget\" data-settings=\"{&quot;skin&quot;:&quot;classic&quot;}\" data-widget_type=\"search-form.default\">\n\t\t\t\t<div class=\"elementor-widget-container\">\n\t\t\t\t\t\t\t<search role=\"search\">\n\t\t\t<form class=\"elementor-search-form\" action=\"https:\/\/accentquebec.com\/en\/\" method=\"get\">\n\t\t\t\t\t\t\t\t\t\t\t\t<div class=\"elementor-search-form__container\">\n\t\t\t\t\t<label class=\"elementor-screen-only\" for=\"elementor-search-form-caa0b64\">Search<\/label>\n\n\t\t\t\t\t\n\t\t\t\t\t<input id=\"elementor-search-form-caa0b64\" placeholder=\"Search in the Directory...\" class=\"elementor-search-form__input\" type=\"search\" name=\"s\" value=\"\">\n\t\t\t\t\t<input type='hidden' name='lang' value='en' \/>\n\t\t\t\t\t\t\t\t\t\t\t<button class=\"elementor-search-form__submit\" type=\"submit\" aria-label=\"Search\">\n\t\t\t\t\t\t\t\t\t\t\t\t\t\t\t<i aria-hidden=\"true\" class=\"fas fa-search\"><\/i>\t\t\t\t\t\t\t\t\t\t\t\t\t<\/button>\n\t\t\t\t\t\n\t\t\t\t\t\t\t\t\t<\/div>\n\t\t\t<\/form>\n\t\t<\/search>\n\t\t\t\t\t\t<\/div>\n\t\t\t\t<\/div>\n\t\t\t\t\t<\/div>\n\t\t<\/div>\n\t\t\t\t\t<\/div>\n\t\t<\/section>\n\t\t\t\t<section class=\"elementor-section elementor-top-section elementor-element elementor-element-6127f6b elementor-section-boxed elementor-section-height-default elementor-section-height-default\" data-id=\"6127f6b\" data-element_type=\"section\" data-e-type=\"section\">\n\t\t\t\t\t\t<div class=\"elementor-container elementor-column-gap-default\">\n\t\t\t\t\t<div class=\"elementor-column elementor-col-100 elementor-top-column elementor-element elementor-element-f26229c\" data-id=\"f26229c\" data-element_type=\"column\" data-e-type=\"column\">\n\t\t\t<div class=\"elementor-widget-wrap elementor-element-populated\">\n\t\t\t\t\t\t<div class=\"elementor-element elementor-element-19246ee elementor-skin-carousel elementor-arrows-yes elementor-pagination-type-bullets elementor-pagination-position-outside elementor-widget elementor-widget-media-carousel\" data-id=\"19246ee\" data-element_type=\"widget\" data-e-type=\"widget\" data-settings=\"{&quot;skin&quot;:&quot;carousel&quot;,&quot;effect&quot;:&quot;slide&quot;,&quot;show_arrows&quot;:&quot;yes&quot;,&quot;pagination&quot;:&quot;bullets&quot;,&quot;speed&quot;:500,&quot;autoplay&quot;:&quot;yes&quot;,&quot;autoplay_speed&quot;:5000,&quot;loop&quot;:&quot;yes&quot;,&quot;pause_on_hover&quot;:&quot;yes&quot;,&quot;pause_on_interaction&quot;:&quot;yes&quot;,&quot;space_between&quot;:{&quot;unit&quot;:&quot;px&quot;,&quot;size&quot;:10,&quot;sizes&quot;:[]},&quot;space_between_tablet&quot;:{&quot;unit&quot;:&quot;px&quot;,&quot;size&quot;:10,&quot;sizes&quot;:[]},&quot;space_between_mobile&quot;:{&quot;unit&quot;:&quot;px&quot;,&quot;size&quot;:10,&quot;sizes&quot;:[]}}\" data-widget_type=\"media-carousel.default\">\n\t\t\t\t<div class=\"elementor-widget-container\">\n\t\t\t\t\t\t\t\t\t<div class=\"elementor-swiper\">\n\t\t\t\t\t<div class=\"elementor-main-swiper swiper\" role=\"region\" aria-roledescription=\"carousel\" aria-label=\"Slides\">\n\t\t\t\t<div class=\"swiper-wrapper\">\n\t\t\t\t\t\t\t\t\t\t\t<div class=\"swiper-slide\" role=\"group\" aria-roledescription=\"slide\">\n\t\t\t\t\t\t\t\t\t<div class=\"elementor-carousel-image\" role=\"img\" aria-label=\"banniers_visite_2\" style=\"background-image: url(&#039;https:\/\/accentquebec.com\/wp-content\/uploads\/2021\/12\/banniers_visite_2.jpg&#039;)\">\n\n\t\t\t\n\t\t\t\t\t<\/div>\n\t\t\t\t\t\t\t\t<\/div>\n\t\t\t\t\t\t\t\t\t\t\t<div class=\"swiper-slide\" role=\"group\" aria-roledescription=\"slide\">\n\t\t\t\t\t\t\t\t\t<div class=\"elementor-carousel-image\" role=\"img\" aria-label=\"banniers_quebec\" style=\"background-image: url(&#039;https:\/\/accentquebec.com\/wp-content\/uploads\/2021\/12\/banniers_quebec.jpg&#039;)\">\n\n\t\t\t\n\t\t\t\t\t<\/div>\n\t\t\t\t\t\t\t\t<\/div>\n\t\t\t\t\t\t\t\t\t\t\t<div class=\"swiper-slide\" role=\"group\" aria-roledescription=\"slide\">\n\t\t\t\t\t\t\t\t\t<div class=\"elementor-carousel-image\" role=\"img\" aria-label=\"banniers_ages\" style=\"background-image: url(&#039;https:\/\/accentquebec.com\/wp-content\/uploads\/2021\/12\/banniers_ages.jpg&#039;)\">\n\n\t\t\t\n\t\t\t\t\t<\/div>\n\t\t\t\t\t\t\t\t<\/div>\n\t\t\t\t\t\t\t\t\t\t\t<div class=\"swiper-slide\" role=\"group\" aria-roledescription=\"slide\">\n\t\t\t\t\t\t\t\t\t<div class=\"elementor-carousel-image\" role=\"img\" aria-label=\"banniers_bike\" style=\"background-image: url(&#039;https:\/\/accentquebec.com\/wp-content\/uploads\/2021\/12\/banniers_bike.jpg&#039;)\">\n\n\t\t\t\n\t\t\t\t\t<\/div>\n\t\t\t\t\t\t\t\t<\/div>\n\t\t\t\t\t\t\t\t\t\t\t<div class=\"swiper-slide\" role=\"group\" aria-roledescription=\"slide\">\n\t\t\t\t\t\t\t\t\t<div class=\"elementor-carousel-image\" role=\"img\" aria-label=\"banniers_tout.fw\" style=\"background-image: url(&#039;https:\/\/accentquebec.com\/wp-content\/uploads\/2021\/12\/banniers_tout.fw_.png&#039;)\">\n\n\t\t\t\n\t\t\t\t\t<\/div>\n\t\t\t\t\t\t\t\t<\/div>\n\t\t\t\t\t\t\t\t\t<\/div>\n\t\t\t\t\t\t\t\t\t\t\t\t\t\t\t<div class=\"elementor-swiper-button elementor-swiper-button-prev\" role=\"button\" tabindex=\"0\" aria-label=\"Previous\">\n\t\t\t\t\t\t\t<i aria-hidden=\"true\" class=\"eicon-chevron-left\"><\/i>\t\t\t\t\t\t<\/div>\n\t\t\t\t\t\t<div class=\"elementor-swiper-button elementor-swiper-button-next\" role=\"button\" tabindex=\"0\" aria-label=\"Next\">\n\t\t\t\t\t\t\t<i aria-hidden=\"true\" class=\"eicon-chevron-right\"><\/i>\t\t\t\t\t\t<\/div>\n\t\t\t\t\t\t\t\t\t\t\t\t\t\t\t\t<div class=\"swiper-pagination\"><\/div>\n\t\t\t\t\t\t\t\t\t\t\t\t<\/div>\n\t\t\t\t<\/div>\n\t\t\t\t\t\t\t\t<\/div>\n\t\t\t\t<\/div>\n\t\t\t\t\t<\/div>\n\t\t<\/div>\n\t\t\t\t\t<\/div>\n\t\t<\/section>\n\t\t\t\t<\/div>\n\t\t","protected":false},"excerpt":{"rendered":"<p>Accent Qu\u00e9bec is a bilingual directory of recreational, cultural and educational resources to help French language learners in Qu\u00e9bec experience French opportunities in their communities. Pr\u00e9c\u00e9dent Suivant<\/p>\n","protected":false},"author":11,"featured_media":0,"parent":0,"menu_order":0,"comment_status":"closed","ping_status":"closed","template":"","meta":{"_acf_changed":false,"footnotes":""},"class_list":["post-110","page","type-page","status-publish","hentry"],"acf":[],"yoast_head":"<!-- This site is optimized with the Yoast SEO plugin v26.0 - https:\/\/yoast.com\/wordpress\/plugins\/seo\/ -->\n<title>Home - Accent Qu\u00e9bec<\/title>\n<meta name=\"robots\" content=\"index, follow, max-snippet:-1, max-image-preview:large, max-video-preview:-1\" \/>\n<link rel=\"canonical\" href=\"https:\/\/accentquebec.com\/en\/home\/\" \/>\n<meta property=\"og:locale\" content=\"en_US\" \/>\n<meta property=\"og:type\" content=\"article\" \/>\n<meta property=\"og:title\" content=\"Home - Accent Qu\u00e9bec\" \/>\n<meta property=\"og:description\" content=\"Accent Qu\u00e9bec is a bilingual directory of recreational, cultural and educational resources to help French language learners in Qu\u00e9bec experience French opportunities in their communities. Pr\u00e9c\u00e9dent Suivant\" \/>\n<meta property=\"og:url\" content=\"https:\/\/accentquebec.com\/en\/home\/\" \/>\n<meta property=\"og:site_name\" content=\"Accent Qu\u00e9bec\" \/>\n<meta property=\"article:modified_time\" content=\"2022-07-07T18:42:15+00:00\" \/>\n<meta name=\"twitter:card\" content=\"summary_large_image\" \/>\n<script type=\"application\/ld+json\" class=\"yoast-schema-graph\">{\"@context\":\"https:\/\/schema.org\",\"@graph\":[{\"@type\":\"WebPage\",\"@id\":\"https:\/\/accentquebec.com\/en\/home\/\",\"url\":\"https:\/\/accentquebec.com\/en\/home\/\",\"name\":\"Home - Accent Qu\u00e9bec\",\"isPartOf\":{\"@id\":\"https:\/\/accentquebec.com\/#website\"},\"datePublished\":\"2021-12-08T22:21:38+00:00\",\"dateModified\":\"2022-07-07T18:42:15+00:00\",\"breadcrumb\":{\"@id\":\"https:\/\/accentquebec.com\/en\/home\/#breadcrumb\"},\"inLanguage\":\"en-US\",\"potentialAction\":[{\"@type\":\"ReadAction\",\"target\":[\"https:\/\/accentquebec.com\/en\/home\/\"]}]},{\"@type\":\"BreadcrumbList\",\"@id\":\"https:\/\/accentquebec.com\/en\/home\/#breadcrumb\",\"itemListElement\":[{\"@type\":\"ListItem\",\"position\":1,\"name\":\"Home\",\"item\":\"https:\/\/accentquebec.com\/en\/home\/\"},{\"@type\":\"ListItem\",\"position\":2,\"name\":\"Home\"}]},{\"@type\":\"WebSite\",\"@id\":\"https:\/\/accentquebec.com\/#website\",\"url\":\"https:\/\/accentquebec.com\/\",\"name\":\"Accent Qu\u00e9bec\",\"description\":\"Plateforme bilingue o\u00f9 l\u2019on retrouve des ressources en fran\u00e7ais con\u00e7ue pour appuyer les enseignants\",\"publisher\":{\"@id\":\"https:\/\/accentquebec.com\/#organization\"},\"potentialAction\":[{\"@type\":\"SearchAction\",\"target\":{\"@type\":\"EntryPoint\",\"urlTemplate\":\"https:\/\/accentquebec.com\/?s={search_term_string}\"},\"query-input\":{\"@type\":\"PropertyValueSpecification\",\"valueRequired\":true,\"valueName\":\"search_term_string\"}}],\"inLanguage\":\"en-US\"},{\"@type\":\"Organization\",\"@id\":\"https:\/\/accentquebec.com\/#organization\",\"name\":\"Accent Qu\u00e9bec\",\"url\":\"https:\/\/accentquebec.com\/\",\"logo\":{\"@type\":\"ImageObject\",\"inLanguage\":\"en-US\",\"@id\":\"https:\/\/accentquebec.com\/#\/schema\/logo\/image\/\",\"url\":\"https:\/\/accentquebec.com\/wp-content\/uploads\/2021\/12\/ACCENT-QC-FINAL_outlined.png\",\"contentUrl\":\"https:\/\/accentquebec.com\/wp-content\/uploads\/2021\/12\/ACCENT-QC-FINAL_outlined.png\",\"width\":827,\"height\":525,\"caption\":\"Accent Qu\u00e9bec\"},\"image\":{\"@id\":\"https:\/\/accentquebec.com\/#\/schema\/logo\/image\/\"}}]}<\/script>\n<!-- \/ Yoast SEO plugin. -->","yoast_head_json":{"title":"Home - Accent Qu\u00e9bec","robots":{"index":"index","follow":"follow","max-snippet":"max-snippet:-1","max-image-preview":"max-image-preview:large","max-video-preview":"max-video-preview:-1"},"canonical":"https:\/\/accentquebec.com\/en\/home\/","og_locale":"en_US","og_type":"article","og_title":"Home - Accent Qu\u00e9bec","og_description":"Accent Qu\u00e9bec is a bilingual directory of recreational, cultural and educational resources to help French language learners in Qu\u00e9bec experience French opportunities in their communities. Pr\u00e9c\u00e9dent Suivant","og_url":"https:\/\/accentquebec.com\/en\/home\/","og_site_name":"Accent Qu\u00e9bec","article_modified_time":"2022-07-07T18:42:15+00:00","twitter_card":"summary_large_image","schema":{"@context":"https:\/\/schema.org","@graph":[{"@type":"WebPage","@id":"https:\/\/accentquebec.com\/en\/home\/","url":"https:\/\/accentquebec.com\/en\/home\/","name":"Home - Accent Qu\u00e9bec","isPartOf":{"@id":"https:\/\/accentquebec.com\/#website"},"datePublished":"2021-12-08T22:21:38+00:00","dateModified":"2022-07-07T18:42:15+00:00","breadcrumb":{"@id":"https:\/\/accentquebec.com\/en\/home\/#breadcrumb"},"inLanguage":"en-US","potentialAction":[{"@type":"ReadAction","target":["https:\/\/accentquebec.com\/en\/home\/"]}]},{"@type":"BreadcrumbList","@id":"https:\/\/accentquebec.com\/en\/home\/#breadcrumb","itemListElement":[{"@type":"ListItem","position":1,"name":"Home","item":"https:\/\/accentquebec.com\/en\/home\/"},{"@type":"ListItem","position":2,"name":"Home"}]},{"@type":"WebSite","@id":"https:\/\/accentquebec.com\/#website","url":"https:\/\/accentquebec.com\/","name":"Accent Qu\u00e9bec","description":"Plateforme bilingue o\u00f9 l\u2019on retrouve des ressources en fran\u00e7ais con\u00e7ue pour appuyer les enseignants","publisher":{"@id":"https:\/\/accentquebec.com\/#organization"},"potentialAction":[{"@type":"SearchAction","target":{"@type":"EntryPoint","urlTemplate":"https:\/\/accentquebec.com\/?s={search_term_string}"},"query-input":{"@type":"PropertyValueSpecification","valueRequired":true,"valueName":"search_term_string"}}],"inLanguage":"en-US"},{"@type":"Organization","@id":"https:\/\/accentquebec.com\/#organization","name":"Accent Qu\u00e9bec","url":"https:\/\/accentquebec.com\/","logo":{"@type":"ImageObject","inLanguage":"en-US","@id":"https:\/\/accentquebec.com\/#\/schema\/logo\/image\/","url":"https:\/\/accentquebec.com\/wp-content\/uploads\/2021\/12\/ACCENT-QC-FINAL_outlined.png","contentUrl":"https:\/\/accentquebec.com\/wp-content\/uploads\/2021\/12\/ACCENT-QC-FINAL_outlined.png","width":827,"height":525,"caption":"Accent Qu\u00e9bec"},"image":{"@id":"https:\/\/accentquebec.com\/#\/schema\/logo\/image\/"}}]}},"_links":{"self":[{"href":"https:\/\/accentquebec.com\/en\/wp-json\/wp\/v2\/pages\/110","targetHints":{"allow":["GET"]}}],"collection":[{"href":"https:\/\/accentquebec.com\/en\/wp-json\/wp\/v2\/pages"}],"about":[{"href":"https:\/\/accentquebec.com\/en\/wp-json\/wp\/v2\/types\/page"}],"author":[{"embeddable":true,"href":"https:\/\/accentquebec.com\/en\/wp-json\/wp\/v2\/users\/11"}],"replies":[{"embeddable":true,"href":"https:\/\/accentquebec.com\/en\/wp-json\/wp\/v2\/comments?post=110"}],"version-history":[{"count":77,"href":"https:\/\/accentquebec.com\/en\/wp-json\/wp\/v2\/pages\/110\/revisions"}],"predecessor-version":[{"id":2490,"href":"https:\/\/accentquebec.com\/en\/wp-json\/wp\/v2\/pages\/110\/revisions\/2490"}],"wp:attachment":[{"href":"https:\/\/accentquebec.com\/en\/wp-json\/wp\/v2\/media?parent=110"}],"curies":[{"name":"wp","href":"https:\/\/api.w.org\/{rel}","templated":true}]}}