{"id":634,"date":"2022-01-26T12:56:11","date_gmt":"2022-01-26T17:56:11","guid":{"rendered":"https:\/\/accentquebec.learnquebec.ca\/about-us\/"},"modified":"2022-10-07T11:52:02","modified_gmt":"2022-10-07T15:52:02","slug":"about-us","status":"publish","type":"page","link":"https:\/\/accentquebec.com\/en\/about-us\/","title":{"rendered":"About Us"},"content":{"rendered":"\t\t<div data-elementor-type=\"wp-page\" data-elementor-id=\"634\" class=\"elementor elementor-634 elementor-17\" data-elementor-post-type=\"page\">\n\t\t\t\t\t\t<section class=\"elementor-section elementor-top-section elementor-element elementor-element-b957d77 elementor-section-boxed elementor-section-height-default elementor-section-height-default\" data-id=\"b957d77\" data-element_type=\"section\" data-e-type=\"section\">\n\t\t\t\t\t\t<div class=\"elementor-container elementor-column-gap-default\">\n\t\t\t\t\t<div class=\"elementor-column elementor-col-100 elementor-top-column elementor-element elementor-element-8033893\" data-id=\"8033893\" data-element_type=\"column\" data-e-type=\"column\">\n\t\t\t<div class=\"elementor-widget-wrap elementor-element-populated\">\n\t\t\t\t\t\t<div class=\"elementor-element elementor-element-6fa554a elementor-widget elementor-widget-spacer\" data-id=\"6fa554a\" data-element_type=\"widget\" data-e-type=\"widget\" data-widget_type=\"spacer.default\">\n\t\t\t\t<div class=\"elementor-widget-container\">\n\t\t\t\t\t\t\t<div class=\"elementor-spacer\">\n\t\t\t<div class=\"elementor-spacer-inner\"><\/div>\n\t\t<\/div>\n\t\t\t\t\t\t<\/div>\n\t\t\t\t<\/div>\n\t\t\t\t\t<\/div>\n\t\t<\/div>\n\t\t\t\t\t<\/div>\n\t\t<\/section>\n\t\t\t\t<section class=\"elementor-section elementor-top-section elementor-element elementor-element-a3a48c7 elementor-section-boxed elementor-section-height-default elementor-section-height-default\" data-id=\"a3a48c7\" data-element_type=\"section\" data-e-type=\"section\">\n\t\t\t\t\t\t<div class=\"elementor-container elementor-column-gap-default\">\n\t\t\t\t\t<div class=\"elementor-column elementor-col-50 elementor-top-column elementor-element elementor-element-431e9c2\" data-id=\"431e9c2\" data-element_type=\"column\" data-e-type=\"column\">\n\t\t\t<div class=\"elementor-widget-wrap elementor-element-populated\">\n\t\t\t\t\t\t<div class=\"elementor-element elementor-element-c03e1ae elementor-widget elementor-widget-text-editor\" data-id=\"c03e1ae\" data-element_type=\"widget\" data-e-type=\"widget\" data-widget_type=\"text-editor.default\">\n\t\t\t\t<div class=\"elementor-widget-container\">\n\t\t\t\t\t\t\t\t\t<h2>About us<\/h2><p><b>Accent Qu\u00e9bec <\/b><span style=\"font-weight: 400;\">is a bilingual directory of recreational, cultural and educational resources in French.<\/span><\/p><p><b>Accent Qu\u00e9bec<\/b><span style=\"font-weight: 400;\"> is designed to support French as a second language teachers, parents and learners of all ages to enhance the French learning experience in and out of the classroom.<\/span><\/p><p><b>Accent Qu\u00e9bec<\/b><span style=\"font-weight: 400;\"> encourages anyone looking for ways to connect with Francophone culture and community to explore our resources.<\/span><\/p><h2><span style=\"font-weight: 400;\">Our History<\/span><\/h2><p><span style=\"font-weight: 400;\">This one-stop site was originally created by a group of partners in Quebec: Leading English Education and Resource Network (LEARN), Lester B. Pearson School Board (LBPSB), Canadian Parents for French Qu\u00e9bec &amp; Nunavut (CPF QC&amp;NU), Office of the Commissioner of Official Languages (OCOL) and John Abbott College (JAC). It was a joint effort to connect English-speaking youth of Quebec with opportunities to genuinely interact and learn from the Francophone Quebec society in which they live.<\/span><\/p><h3><b>Bridging Gaps, Flourishing Together!<\/b><\/h3>\t\t\t\t\t\t\t\t<\/div>\n\t\t\t\t<\/div>\n\t\t\t\t\t<\/div>\n\t\t<\/div>\n\t\t\t\t<div class=\"elementor-column elementor-col-50 elementor-top-column elementor-element elementor-element-813524c\" data-id=\"813524c\" data-element_type=\"column\" data-e-type=\"column\">\n\t\t\t<div class=\"elementor-widget-wrap elementor-element-populated\">\n\t\t\t\t\t\t<div class=\"elementor-element elementor-element-1e358b6 elementor-widget elementor-widget-text-editor\" data-id=\"1e358b6\" data-element_type=\"widget\" data-e-type=\"widget\" data-widget_type=\"text-editor.default\">\n\t\t\t\t<div class=\"elementor-widget-container\">\n\t\t\t\t\t\t\t\t\t<h2>In the media<\/h2><ul><li><a href=\"https:\/\/drive.google.com\/open?id=119a_JMsSjyNfPPqdnZ8xznaxbgLG81yE\" target=\"_blank\" rel=\"noopener\">The Suburban<\/a><\/li><li><a href=\"https:\/\/drive.google.com\/file\/d\/1lC5IPkoB7mtOKmEe2CRTwc7odAL2yCSG\/view?usp=sharing\" target=\"_blank\" rel=\"noopener\">Montreal Gazette<\/a><\/li><li><a href=\"https:\/\/drive.google.com\/open?id=1w6eKrNJtUupL6rB_lecK44Wb5sB7Jjvt\" target=\"_blank\" rel=\"noopener\">Montreal Families<\/a><\/li><li><a href=\"https:\/\/drive.google.com\/open?id=178DuY31O8PWMq4KMCYBPapuXTzh39bF3\" target=\"_blank\" rel=\"noopener\">QFHSA News (The Quebec Federation of Home &amp; School Associations)<\/a><\/li><\/ul>\t\t\t\t\t\t\t\t<\/div>\n\t\t\t\t<\/div>\n\t\t\t\t<div class=\"elementor-element elementor-element-0b7fa8a elementor-widget elementor-widget-heading\" data-id=\"0b7fa8a\" data-element_type=\"widget\" data-e-type=\"widget\" data-widget_type=\"heading.default\">\n\t\t\t\t<div class=\"elementor-widget-container\">\n\t\t\t\t\t<h2 class=\"elementor-heading-title elementor-size-default\"><\/h2>\t\t\t\t<\/div>\n\t\t\t\t<\/div>\n\t\t\t\t\t<\/div>\n\t\t<\/div>\n\t\t\t\t\t<\/div>\n\t\t<\/section>\n\t\t\t\t<\/div>\n\t\t","protected":false},"excerpt":{"rendered":"<p>About us Accent Qu\u00e9bec is a bilingual directory of recreational, cultural and educational resources in French. Accent Qu\u00e9bec is designed to support French as a second language teachers, parents and learners of all ages to enhance the French learning experience in and out of the classroom. Accent Qu\u00e9bec encourages anyone looking for ways to connect [&hellip;]<\/p>\n","protected":false},"author":11,"featured_media":0,"parent":0,"menu_order":0,"comment_status":"closed","ping_status":"closed","template":"","meta":{"_acf_changed":false,"footnotes":""},"class_list":["post-634","page","type-page","status-publish","hentry"],"acf":[],"yoast_head":"<!-- This site is optimized with the Yoast SEO plugin v26.0 - https:\/\/yoast.com\/wordpress\/plugins\/seo\/ -->\n<title>About Us - Accent Qu\u00e9bec<\/title>\n<meta name=\"robots\" content=\"index, follow, max-snippet:-1, max-image-preview:large, max-video-preview:-1\" \/>\n<link rel=\"canonical\" href=\"https:\/\/accentquebec.com\/en\/about-us\/\" \/>\n<meta property=\"og:locale\" content=\"en_US\" \/>\n<meta property=\"og:type\" content=\"article\" \/>\n<meta property=\"og:title\" content=\"About Us - Accent Qu\u00e9bec\" \/>\n<meta property=\"og:description\" content=\"About us Accent Qu\u00e9bec is a bilingual directory of recreational, cultural and educational resources in French. Accent Qu\u00e9bec is designed to support French as a second language teachers, parents and learners of all ages to enhance the French learning experience in and out of the classroom. Accent Qu\u00e9bec encourages anyone looking for ways to connect [&hellip;]\" \/>\n<meta property=\"og:url\" content=\"https:\/\/accentquebec.com\/en\/about-us\/\" \/>\n<meta property=\"og:site_name\" content=\"Accent Qu\u00e9bec\" \/>\n<meta property=\"article:modified_time\" content=\"2022-10-07T15:52:02+00:00\" \/>\n<meta name=\"twitter:card\" content=\"summary_large_image\" \/>\n<meta name=\"twitter:label1\" content=\"Est. reading time\" \/>\n\t<meta name=\"twitter:data1\" content=\"1 minute\" \/>\n<script type=\"application\/ld+json\" class=\"yoast-schema-graph\">{\"@context\":\"https:\/\/schema.org\",\"@graph\":[{\"@type\":\"WebPage\",\"@id\":\"https:\/\/accentquebec.com\/en\/about-us\/\",\"url\":\"https:\/\/accentquebec.com\/en\/about-us\/\",\"name\":\"About Us - Accent Qu\u00e9bec\",\"isPartOf\":{\"@id\":\"https:\/\/accentquebec.com\/#website\"},\"datePublished\":\"2022-01-26T17:56:11+00:00\",\"dateModified\":\"2022-10-07T15:52:02+00:00\",\"breadcrumb\":{\"@id\":\"https:\/\/accentquebec.com\/en\/about-us\/#breadcrumb\"},\"inLanguage\":\"en-US\",\"potentialAction\":[{\"@type\":\"ReadAction\",\"target\":[\"https:\/\/accentquebec.com\/en\/about-us\/\"]}]},{\"@type\":\"BreadcrumbList\",\"@id\":\"https:\/\/accentquebec.com\/en\/about-us\/#breadcrumb\",\"itemListElement\":[{\"@type\":\"ListItem\",\"position\":1,\"name\":\"Home\",\"item\":\"https:\/\/accentquebec.com\/en\/home\/\"},{\"@type\":\"ListItem\",\"position\":2,\"name\":\"About Us\"}]},{\"@type\":\"WebSite\",\"@id\":\"https:\/\/accentquebec.com\/#website\",\"url\":\"https:\/\/accentquebec.com\/\",\"name\":\"Accent Qu\u00e9bec\",\"description\":\"Plateforme bilingue o\u00f9 l\u2019on retrouve des ressources en fran\u00e7ais con\u00e7ue pour appuyer les enseignants\",\"publisher\":{\"@id\":\"https:\/\/accentquebec.com\/#organization\"},\"potentialAction\":[{\"@type\":\"SearchAction\",\"target\":{\"@type\":\"EntryPoint\",\"urlTemplate\":\"https:\/\/accentquebec.com\/?s={search_term_string}\"},\"query-input\":{\"@type\":\"PropertyValueSpecification\",\"valueRequired\":true,\"valueName\":\"search_term_string\"}}],\"inLanguage\":\"en-US\"},{\"@type\":\"Organization\",\"@id\":\"https:\/\/accentquebec.com\/#organization\",\"name\":\"Accent Qu\u00e9bec\",\"url\":\"https:\/\/accentquebec.com\/\",\"logo\":{\"@type\":\"ImageObject\",\"inLanguage\":\"en-US\",\"@id\":\"https:\/\/accentquebec.com\/#\/schema\/logo\/image\/\",\"url\":\"https:\/\/accentquebec.com\/wp-content\/uploads\/2021\/12\/ACCENT-QC-FINAL_outlined.png\",\"contentUrl\":\"https:\/\/accentquebec.com\/wp-content\/uploads\/2021\/12\/ACCENT-QC-FINAL_outlined.png\",\"width\":827,\"height\":525,\"caption\":\"Accent Qu\u00e9bec\"},\"image\":{\"@id\":\"https:\/\/accentquebec.com\/#\/schema\/logo\/image\/\"}}]}<\/script>\n<!-- \/ Yoast SEO plugin. -->","yoast_head_json":{"title":"About Us - Accent Qu\u00e9bec","robots":{"index":"index","follow":"follow","max-snippet":"max-snippet:-1","max-image-preview":"max-image-preview:large","max-video-preview":"max-video-preview:-1"},"canonical":"https:\/\/accentquebec.com\/en\/about-us\/","og_locale":"en_US","og_type":"article","og_title":"About Us - Accent Qu\u00e9bec","og_description":"About us Accent Qu\u00e9bec is a bilingual directory of recreational, cultural and educational resources in French. Accent Qu\u00e9bec is designed to support French as a second language teachers, parents and learners of all ages to enhance the French learning experience in and out of the classroom. Accent Qu\u00e9bec encourages anyone looking for ways to connect [&hellip;]","og_url":"https:\/\/accentquebec.com\/en\/about-us\/","og_site_name":"Accent Qu\u00e9bec","article_modified_time":"2022-10-07T15:52:02+00:00","twitter_card":"summary_large_image","twitter_misc":{"Est. reading time":"1 minute"},"schema":{"@context":"https:\/\/schema.org","@graph":[{"@type":"WebPage","@id":"https:\/\/accentquebec.com\/en\/about-us\/","url":"https:\/\/accentquebec.com\/en\/about-us\/","name":"About Us - Accent Qu\u00e9bec","isPartOf":{"@id":"https:\/\/accentquebec.com\/#website"},"datePublished":"2022-01-26T17:56:11+00:00","dateModified":"2022-10-07T15:52:02+00:00","breadcrumb":{"@id":"https:\/\/accentquebec.com\/en\/about-us\/#breadcrumb"},"inLanguage":"en-US","potentialAction":[{"@type":"ReadAction","target":["https:\/\/accentquebec.com\/en\/about-us\/"]}]},{"@type":"BreadcrumbList","@id":"https:\/\/accentquebec.com\/en\/about-us\/#breadcrumb","itemListElement":[{"@type":"ListItem","position":1,"name":"Home","item":"https:\/\/accentquebec.com\/en\/home\/"},{"@type":"ListItem","position":2,"name":"About Us"}]},{"@type":"WebSite","@id":"https:\/\/accentquebec.com\/#website","url":"https:\/\/accentquebec.com\/","name":"Accent Qu\u00e9bec","description":"Plateforme bilingue o\u00f9 l\u2019on retrouve des ressources en fran\u00e7ais con\u00e7ue pour appuyer les enseignants","publisher":{"@id":"https:\/\/accentquebec.com\/#organization"},"potentialAction":[{"@type":"SearchAction","target":{"@type":"EntryPoint","urlTemplate":"https:\/\/accentquebec.com\/?s={search_term_string}"},"query-input":{"@type":"PropertyValueSpecification","valueRequired":true,"valueName":"search_term_string"}}],"inLanguage":"en-US"},{"@type":"Organization","@id":"https:\/\/accentquebec.com\/#organization","name":"Accent Qu\u00e9bec","url":"https:\/\/accentquebec.com\/","logo":{"@type":"ImageObject","inLanguage":"en-US","@id":"https:\/\/accentquebec.com\/#\/schema\/logo\/image\/","url":"https:\/\/accentquebec.com\/wp-content\/uploads\/2021\/12\/ACCENT-QC-FINAL_outlined.png","contentUrl":"https:\/\/accentquebec.com\/wp-content\/uploads\/2021\/12\/ACCENT-QC-FINAL_outlined.png","width":827,"height":525,"caption":"Accent Qu\u00e9bec"},"image":{"@id":"https:\/\/accentquebec.com\/#\/schema\/logo\/image\/"}}]}},"_links":{"self":[{"href":"https:\/\/accentquebec.com\/en\/wp-json\/wp\/v2\/pages\/634","targetHints":{"allow":["GET"]}}],"collection":[{"href":"https:\/\/accentquebec.com\/en\/wp-json\/wp\/v2\/pages"}],"about":[{"href":"https:\/\/accentquebec.com\/en\/wp-json\/wp\/v2\/types\/page"}],"author":[{"embeddable":true,"href":"https:\/\/accentquebec.com\/en\/wp-json\/wp\/v2\/users\/11"}],"replies":[{"embeddable":true,"href":"https:\/\/accentquebec.com\/en\/wp-json\/wp\/v2\/comments?post=634"}],"version-history":[{"count":53,"href":"https:\/\/accentquebec.com\/en\/wp-json\/wp\/v2\/pages\/634\/revisions"}],"predecessor-version":[{"id":2722,"href":"https:\/\/accentquebec.com\/en\/wp-json\/wp\/v2\/pages\/634\/revisions\/2722"}],"wp:attachment":[{"href":"https:\/\/accentquebec.com\/en\/wp-json\/wp\/v2\/media?parent=634"}],"curies":[{"name":"wp","href":"https:\/\/api.w.org\/{rel}","templated":true}]}}